{"id":3000,"date":"2019-05-12T17:19:53","date_gmt":"2019-05-12T17:19:53","guid":{"rendered":"https:\/\/mc.sonae.pt\/?page_id=3000"},"modified":"2026-02-25T16:40:26","modified_gmt":"2026-02-25T16:40:26","slug":"corporate-governance","status":"publish","type":"page","link":"https:\/\/mc.sonae.pt\/en\/corporate-governance\/","title":{"rendered":"Corporate Governance"},"content":{"rendered":"<div class=\"wpb-content-wrapper\">[vc_row row_height_percent=&#8221;0&#8243; overlay_alpha=&#8221;50&#8243; gutter_size=&#8221;3&#8243; column_width_percent=&#8221;100&#8243; shift_y=&#8221;0&#8243; z_index=&#8221;0&#8243; el_class=&#8221;padding_80&#8243;][vc_column width=&#8221;1\/1&#8243;][vc_custom_heading heading_semantic=&#8221;h1&#8243; text_size=&#8221;h1&#8243; css_animation=&#8221;alpha-anim&#8221; el_class=&#8221;line-title will-appear&#8221;]Corporate Governance[\/vc_custom_heading][vc_row_inner][vc_column_inner column_width_percent=&#8221;100&#8243; gutter_size=&#8221;3&#8243; overlay_alpha=&#8221;50&#8243; shift_x=&#8221;0&#8243; shift_y=&#8221;0&#8243; shift_y_down=&#8221;0&#8243; z_index=&#8221;0&#8243; medium_width=&#8221;0&#8243; mobile_width=&#8221;0&#8243; width=&#8221;11\/12&#8243;][vc_custom_heading heading_semantic=&#8221;h4&#8243; text_size=&#8221;h4&#8243; css_animation=&#8221;alpha-anim&#8221; el_class=&#8221;margin-top-md&#8221; uncode_shortcode_id=&#8221;554366&#8243;]Check here all information related to Corporate Governance.[\/vc_custom_heading][\/vc_column_inner][\/vc_row_inner][\/vc_column][\/vc_row][vc_row row_height_percent=&#8221;0&#8243; overlay_alpha=&#8221;50&#8243; gutter_size=&#8221;0&#8243; column_width_percent=&#8221;100&#8243; shift_y=&#8221;0&#8243; z_index=&#8221;0&#8243; uncode_shortcode_id=&#8221;530245&#8243;][vc_column column_width_percent=&#8221;100&#8243; gutter_size=&#8221;3&#8243; overlay_alpha=&#8221;50&#8243; shift_x=&#8221;0&#8243; shift_y=&#8221;0&#8243; shift_y_down=&#8221;0&#8243; z_index=&#8221;0&#8243; medium_width=&#8221;0&#8243; mobile_width=&#8221;0&#8243; width=&#8221;1\/1&#8243; uncode_shortcode_id=&#8221;502275&#8243;][vc_custom_heading text_color=&#8221;color-wayh&#8221; css_animation=&#8221;alpha-anim&#8221; uncode_shortcode_id=&#8221;156982&#8243; text_color_type=&#8221;uncode-palette&#8221;]<span style=\"text-align: left;\">Company Identification<\/span>[\/vc_custom_heading][vc_row_inner row_inner_height_percent=&#8221;0&#8243; overlay_alpha=&#8221;50&#8243; gutter_size=&#8221;0&#8243; shift_y=&#8221;0&#8243; z_index=&#8221;0&#8243; el_class=&#8221;margin-top-sm&#8221;][vc_column_inner column_width_percent=&#8221;100&#8243; align_horizontal=&#8221;align_center&#8221; gutter_size=&#8221;3&#8243; overlay_alpha=&#8221;50&#8243; shift_x=&#8221;0&#8243; shift_y=&#8221;0&#8243; shift_y_down=&#8221;0&#8243; z_index=&#8221;0&#8243; medium_width=&#8221;0&#8243; mobile_width=&#8221;0&#8243; width=&#8221;1\/3&#8243; el_class=&#8221;padding-bottom-md padding-bottom-mobile&#8221;][vc_column_text]<strong>Company<\/strong>[\/vc_column_text][vc_separator sep_color=&#8221;,Default&#8221; medium_visibility=&#8221;yes&#8221; mobile_visibility=&#8221;yes&#8221;][vc_column_text uncode_shortcode_id=&#8221;149555&#8243;]MCretail, SGPS, S.A.[\/vc_column_text][vc_separator sep_color=&#8221;,Default&#8221; desktop_visibility=&#8221;yes&#8221;][\/vc_column_inner][vc_column_inner column_width_percent=&#8221;100&#8243; align_horizontal=&#8221;align_center&#8221; gutter_size=&#8221;3&#8243; overlay_alpha=&#8221;50&#8243; shift_x=&#8221;0&#8243; shift_y=&#8221;0&#8243; shift_y_down=&#8221;0&#8243; z_index=&#8221;0&#8243; medium_width=&#8221;0&#8243; mobile_width=&#8221;0&#8243; width=&#8221;1\/3&#8243; el_class=&#8221;padding-bottom-md padding-bottom-mobile&#8221;][vc_column_text]<strong>Type<\/strong>[\/vc_column_text][vc_separator sep_color=&#8221;,Default&#8221; medium_visibility=&#8221;yes&#8221; mobile_visibility=&#8221;yes&#8221;][vc_column_text]Holding, limited liability company[\/vc_column_text][vc_separator sep_color=&#8221;,Default&#8221; desktop_visibility=&#8221;yes&#8221;][\/vc_column_inner][vc_column_inner column_width_percent=&#8221;100&#8243; align_horizontal=&#8221;align_center&#8221; gutter_size=&#8221;3&#8243; overlay_alpha=&#8221;50&#8243; shift_x=&#8221;0&#8243; shift_y=&#8221;0&#8243; shift_y_down=&#8221;0&#8243; z_index=&#8221;0&#8243; medium_width=&#8221;0&#8243; mobile_width=&#8221;0&#8243; width=&#8221;1\/3&#8243; el_class=&#8221;padding-bottom-md padding-bottom-mobile&#8221;][vc_column_text]<strong>Registered Office<\/strong>[\/vc_column_text][vc_separator sep_color=&#8221;,Default&#8221; medium_visibility=&#8221;yes&#8221; mobile_visibility=&#8221;yes&#8221;][vc_column_text]Rua Jo\u00e3o Mendon\u00e7a, 529, 4464-501 Joint parishes of S\u00e3o Mamede and Senhora da Hora, Matosinhos[\/vc_column_text][vc_separator sep_color=&#8221;,Default&#8221; desktop_visibility=&#8221;yes&#8221;][\/vc_column_inner][\/vc_row_inner][vc_row_inner row_inner_height_percent=&#8221;0&#8243; overlay_alpha=&#8221;50&#8243; gutter_size=&#8221;0&#8243; shift_y=&#8221;0&#8243; z_index=&#8221;0&#8243;][vc_column_inner column_width_percent=&#8221;100&#8243; align_horizontal=&#8221;align_center&#8221; gutter_size=&#8221;3&#8243; overlay_alpha=&#8221;50&#8243; shift_x=&#8221;0&#8243; shift_y=&#8221;0&#8243; shift_y_down=&#8221;0&#8243; z_index=&#8221;0&#8243; medium_width=&#8221;0&#8243; mobile_width=&#8221;0&#8243; width=&#8221;1\/3&#8243; el_class=&#8221;padding-bottom-md padding-bottom-mobile&#8221;][vc_column_text]<strong>Porto Commercial Registry Office<\/strong>[\/vc_column_text][vc_separator sep_color=&#8221;,Default&#8221; medium_visibility=&#8221;yes&#8221; mobile_visibility=&#8221;yes&#8221;][vc_column_text]501 532 927[\/vc_column_text][vc_separator sep_color=&#8221;,Default&#8221; desktop_visibility=&#8221;yes&#8221;][\/vc_column_inner][vc_column_inner column_width_percent=&#8221;100&#8243; align_horizontal=&#8221;align_center&#8221; gutter_size=&#8221;3&#8243; overlay_alpha=&#8221;50&#8243; shift_x=&#8221;0&#8243; shift_y=&#8221;0&#8243; shift_y_down=&#8221;0&#8243; z_index=&#8221;0&#8243; medium_width=&#8221;0&#8243; mobile_width=&#8221;0&#8243; width=&#8221;1\/3&#8243; el_class=&#8221;padding-bottom-md padding-bottom-mobile&#8221;][vc_column_text]<strong>Tax Number<\/strong>[\/vc_column_text][vc_separator sep_color=&#8221;,Default&#8221; medium_visibility=&#8221;yes&#8221; mobile_visibility=&#8221;yes&#8221;][vc_column_text]501 532 927[\/vc_column_text][vc_separator sep_color=&#8221;,Default&#8221; desktop_visibility=&#8221;yes&#8221;][\/vc_column_inner][vc_column_inner column_width_percent=&#8221;100&#8243; align_horizontal=&#8221;align_center&#8221; gutter_size=&#8221;3&#8243; overlay_alpha=&#8221;50&#8243; shift_x=&#8221;0&#8243; shift_y=&#8221;0&#8243; shift_y_down=&#8221;0&#8243; z_index=&#8221;0&#8243; medium_width=&#8221;0&#8243; mobile_width=&#8221;0&#8243; width=&#8221;1\/3&#8243; el_class=&#8221;padding-bottom-md&#8221;][vc_column_text]<strong>Share Capital<\/strong>[\/vc_column_text][vc_separator sep_color=&#8221;,Default&#8221; medium_visibility=&#8221;yes&#8221; mobile_visibility=&#8221;yes&#8221;][vc_column_text]\u20ac 1,000,000,000[\/vc_column_text][\/vc_column_inner][\/vc_row_inner][\/vc_column][\/vc_row][vc_row row_height_percent=&#8221;0&#8243; overlay_alpha=&#8221;50&#8243; equal_height=&#8221;yes&#8221; gutter_size=&#8221;3&#8243; column_width_percent=&#8221;100&#8243; shift_y=&#8221;0&#8243; z_index=&#8221;0&#8243; el_class=&#8221;margin-top-md internal-mansonry with-title styled starts_3&#8243;][vc_column column_width_percent=&#8221;100&#8243; align_horizontal=&#8221;align_center&#8221; gutter_size=&#8221;3&#8243; overlay_alpha=&#8221;50&#8243; shift_x=&#8221;0&#8243; shift_y=&#8221;0&#8243; shift_y_down=&#8221;0&#8243; z_index=&#8221;0&#8243; medium_width=&#8221;0&#8243; mobile_width=&#8221;0&#8243; width=&#8221;1\/1&#8243;][vc_row_inner row_inner_height_percent=&#8221;0&#8243; overlay_alpha=&#8221;50&#8243; gutter_size=&#8221;3&#8243; shift_y=&#8221;0&#8243; z_index=&#8221;0&#8243; el_class=&#8221;margin-bottom-md&#8221;][vc_column_inner column_width_percent=&#8221;100&#8243; gutter_size=&#8221;3&#8243; overlay_alpha=&#8221;50&#8243; shift_x=&#8221;0&#8243; shift_y=&#8221;0&#8243; shift_y_down=&#8221;0&#8243; z_index=&#8221;0&#8243; medium_width=&#8221;0&#8243; mobile_width=&#8221;0&#8243; width=&#8221;1\/1&#8243; uncode_shortcode_id=&#8221;123293&#8243;][vc_custom_heading text_color=&#8221;color-wayh&#8221; css_animation=&#8221;alpha-anim&#8221; uncode_shortcode_id=&#8221;360318&#8243; text_color_type=&#8221;uncode-palette&#8221;]<span style=\"text-align: left;\">Corporate Bodies<\/span>[\/vc_custom_heading][\/vc_column_inner][\/vc_row_inner][vc_row_inner][vc_column_inner width=&#8221;1\/1&#8243;][vc_custom_heading text_color=&#8221;color-wayh&#8221; heading_semantic=&#8221;h5&#8243; text_size=&#8221;h5&#8243; text_weight=&#8221;700&#8243; css_animation=&#8221;alpha-anim&#8221;]Board Audit and Finance Committee[\/vc_custom_heading][vc_column_text css_animation=&#8221;alpha-anim&#8221; animation_delay=&#8221;100&#8243; el_class=&#8221;margin-top-xs&#8221; uncode_shortcode_id=&#8221;543638&#8243;]<strong>Chairman<\/strong>\r\n\u00c2ngelo Gabriel Ribeirinho dos Santos Paup\u00e9rio\r\n\r\n<strong>\r\nMembers<\/strong>\r\nJo\u00e3o Pedro Magalh\u00e3es da Silva Torres Dolores\r\nJan Reinier Vo\u00fbte[\/vc_column_text][\/vc_column_inner][\/vc_row_inner][vc_row_inner][vc_column_inner width=&#8221;1\/1&#8243;][vc_custom_heading text_color=&#8221;color-wayh&#8221; heading_semantic=&#8221;h5&#8243; text_size=&#8221;h5&#8243; text_weight=&#8221;700&#8243; css_animation=&#8221;alpha-anim&#8221;]Board of Directors[\/vc_custom_heading][vc_column_text css_animation=&#8221;alpha-anim&#8221; animation_delay=&#8221;200&#8243; el_class=&#8221;margin-top-xs&#8221; uncode_shortcode_id=&#8221;131667&#8243;]<strong>Chairman<\/strong>\r\nMaria Cl\u00e1udia Teixeira de Azevedo\r\n\r\n<strong>\r\nNon-Executive Directors<\/strong>\r\n\u00c2ngelo Gabriel Ribeirinho dos Santos Paup\u00e9rio\r\nJo\u00e3o Pedro Magalh\u00e3es da Silva Torres Dolores\r\nJo\u00e3o Nonell G\u00fcnther Amaral\r\nJan Reinier Vo\u00fbte\r\nAlvaro Sendagorta Cudos\r\nNina Sichtermann\r\nDavid Oliver Walmsley\r\n\r\n<strong>\r\nExecutive Committee Chairman<\/strong>\r\nLu\u00eds Miguel Mesquita Soares Moutinho\r\n\r\n<strong>\r\nExecutive Directors<\/strong>\r\nFernando Peixoto Van Zeller\r\nIsabel Sofia Bragan\u00e7a Sim\u00f5es Barros\r\nJos\u00e9 Manuel Cardoso Fortunato[\/vc_column_text][\/vc_column_inner][\/vc_row_inner][vc_row_inner][vc_column_inner width=&#8221;1\/1&#8243;][vc_custom_heading text_color=&#8221;color-wayh&#8221; heading_semantic=&#8221;h5&#8243; text_size=&#8221;h5&#8243; text_weight=&#8221;700&#8243; css_animation=&#8221;alpha-anim&#8221;]Shareholders General Meeting[\/vc_custom_heading][vc_column_text css_animation=&#8221;alpha-anim&#8221; el_class=&#8221;margin-top-xs&#8221;]<strong>Chairman<\/strong>\r\nManuel Eug\u00e9nio Pimentel Cavaleiro Brand\u00e3o\r\n\r\n&nbsp;\r\n\r\n<strong>Secretary<\/strong>\r\nMaria da Concei\u00e7\u00e3o Henriques Fernandes Caba\u00e7os[\/vc_column_text][\/vc_column_inner][\/vc_row_inner][vc_row_inner][vc_column_inner width=&#8221;1\/1&#8243;][vc_custom_heading text_color=&#8221;color-wayh&#8221; heading_semantic=&#8221;h5&#8243; text_size=&#8221;h5&#8243; text_weight=&#8221;700&#8243; css_animation=&#8221;alpha-anim&#8221;]Shareholders Remuneration Committee[\/vc_custom_heading][vc_column_text css_animation=&#8221;alpha-anim&#8221; el_class=&#8221;margin-top-xs&#8221; uncode_shortcode_id=&#8221;166794&#8243;]<strong>Chairman<\/strong>\r\nMaria Cl\u00e1udia Teixeira de Azevedo\r\n\r\n&nbsp;\r\n\r\n<strong>Members<\/strong>\r\n<span class=\"ui-provider ef bce bcf bcg bch bci bcj bck bcl bcm bcn bco bcp bcq bcr bcs bct bcu bcv bcw bcx bcy bcz bda bdb bdc bdd bde bdf bdg bdh bdi bdj bdk bdl\" dir=\"ltr\">Frederico Jos\u00e9 Ortig\u00e3o da Silva Pinto<\/span>\r\nJan Reinier Vo\u00fbte[\/vc_column_text][\/vc_column_inner][\/vc_row_inner][vc_row_inner][vc_column_inner width=&#8221;1\/1&#8243;][vc_custom_heading text_color=&#8221;color-wayh&#8221; heading_semantic=&#8221;h5&#8243; text_size=&#8221;h5&#8243; text_weight=&#8221;700&#8243; css_animation=&#8221;alpha-anim&#8221;]Board Nomination and Remuneration Committee[\/vc_custom_heading][vc_column_text css_animation=&#8221;alpha-anim&#8221; el_class=&#8221;margin-top-xs&#8221; uncode_shortcode_id=&#8221;774434&#8243;]<strong>Chairman<\/strong>\r\nMaria Cl\u00e1udia Teixeira de Azevedo\r\n\r\n&nbsp;\r\n\r\n<b>Members<\/b>\r\nJo\u00e3o Nonell G\u00fcnther Amaral\r\nJan Reinier Vo\u00fbte[\/vc_column_text][\/vc_column_inner][\/vc_row_inner][vc_row_inner][vc_column_inner width=&#8221;1\/1&#8243;][vc_custom_heading text_color=&#8221;color-wayh&#8221; heading_semantic=&#8221;h5&#8243; text_size=&#8221;h5&#8243; text_weight=&#8221;700&#8243; css_animation=&#8221;alpha-anim&#8221;]Leadership Commission[\/vc_custom_heading][vc_column_text css_animation=&#8221;alpha-anim&#8221; el_class=&#8221;margin-top-xs&#8221; uncode_shortcode_id=&#8221;103211&#8243;]Lu\u00eds Miguel Mesquita Soares Moutinho\r\nFernando Peixoto Van Zeller\r\nIsabel Sofia Bragan\u00e7a Sim\u00f5es Barros\r\nJo\u00e3o Ant\u00f3nio Palmeira Pereira Afonso\r\nJos\u00e9 Manuel Cardoso Fortunato\r\nMiguel P\u00e1scoa Vieira \u00c1guas\r\nPedro Augusto da Costa Coelho B\u00e1rtolo\r\nH\u00e9lder Ricardo Dias Ribeiro\r\n\r\n<span data-teams=\"true\">\u00a0<\/span>\r\n\r\n<span data-teams=\"true\">\u00a0<\/span>[\/vc_column_text][\/vc_column_inner][\/vc_row_inner][vc_row_inner][vc_column_inner width=&#8221;1\/1&#8243;][vc_custom_heading text_color=&#8221;color-wayh&#8221; heading_semantic=&#8221;h5&#8243; text_size=&#8221;h5&#8243; text_weight=&#8221;700&#8243; css_animation=&#8221;alpha-anim&#8221;]Statutory Audit Board[\/vc_custom_heading][vc_column_text css_animation=&#8221;alpha-anim&#8221; el_class=&#8221;margin-top-xs&#8221;]<strong>Chairman<\/strong>\r\nAnt\u00f3nio Augusto Almeida Trabulo\r\n\r\n<strong>\r\nMembers<\/strong>\r\nMaria Jos\u00e9 Martins Louren\u00e7o da Fonseca\r\nCarlos Manuel Pereira da Silva\r\n\r\n<strong>\r\nSubstitute<\/strong>\r\nJos\u00e9 Fernando Abreu Rebouta[\/vc_column_text][\/vc_column_inner][\/vc_row_inner][vc_row_inner][vc_column_inner width=&#8221;1\/1&#8243;][vc_custom_heading text_color=&#8221;color-wayh&#8221; heading_semantic=&#8221;h5&#8243; text_size=&#8221;h5&#8243; text_weight=&#8221;700&#8243; css_animation=&#8221;alpha-anim&#8221;]Statutory external auditor[\/vc_custom_heading][vc_column_text css_animation=&#8221;alpha-anim&#8221; el_class=&#8221;margin-top-xs&#8221; uncode_shortcode_id=&#8221;193063&#8243;]<strong>PricewaterhouseCoopers &amp; Associados \u2013 Sociedade de Revisores Oficiais de Contas, Lda. \u2013 SROC n\u00ba 183<\/strong>\r\n<strong>Represented by<\/strong>\r\nAnt\u00f3nio Joaquim Brochado Correia \u2013 ROC n\u00ba 1076 \/ Joaquim Miguel de Azevedo Barroso \u2013 ROC n\u00ba 1426\r\n<strong>Alternate Statutory External Auditor<\/strong>\r\nCatarina Isabel Vieira Pereira \u2013 ROC n\u00ba 1566[\/vc_column_text][\/vc_column_inner][\/vc_row_inner][vc_row_inner][vc_column_inner width=&#8221;1\/1&#8243;][vc_custom_heading text_color=&#8221;color-wayh&#8221; heading_semantic=&#8221;h5&#8243; text_size=&#8221;h5&#8243; text_weight=&#8221;700&#8243; css_animation=&#8221;alpha-anim&#8221;]Company&#8217;s Secretary[\/vc_custom_heading][vc_column_text css_animation=&#8221;alpha-anim&#8221; el_class=&#8221;margin-top-xs&#8221; uncode_shortcode_id=&#8221;712617&#8243;]<strong>Secretary<\/strong>\r\nMarta Cristina de Brito Azevedo\r\n\r\n&nbsp;\r\n\r\n<strong>Substitute<\/strong>\r\nAna Paula Campos Ferreira\r\n\r\n&nbsp;\r\n\r\n[\/vc_column_text][\/vc_column_inner][\/vc_row_inner][\/vc_column][\/vc_row][vc_row row_height_percent=&#8221;0&#8243; overlay_alpha=&#8221;50&#8243; gutter_size=&#8221;3&#8243; column_width_percent=&#8221;100&#8243; shift_y=&#8221;0&#8243; z_index=&#8221;0&#8243; el_class=&#8221;margin-top-lg margin-bottom-md&#8221;][vc_column column_width_percent=&#8221;100&#8243; align_horizontal=&#8221;align_center&#8221; gutter_size=&#8221;3&#8243; overlay_alpha=&#8221;50&#8243; shift_x=&#8221;0&#8243; shift_y=&#8221;0&#8243; shift_y_down=&#8221;0&#8243; z_index=&#8221;0&#8243; medium_width=&#8221;0&#8243; mobile_width=&#8221;0&#8243; width=&#8221;1\/1&#8243;][vc_empty_space empty_h=&#8221;2&#8243;][\/vc_column][\/vc_row][vc_row row_height_percent=&#8221;0&#8243; overlay_alpha=&#8221;50&#8243; gutter_size=&#8221;3&#8243; column_width_percent=&#8221;100&#8243; shift_y=&#8221;0&#8243; z_index=&#8221;0&#8243; el_class=&#8221;margin-top-lg margin-bottom-md&#8221;][vc_column column_width_percent=&#8221;100&#8243; align_horizontal=&#8221;align_center&#8221; gutter_size=&#8221;3&#8243; overlay_alpha=&#8221;50&#8243; shift_x=&#8221;0&#8243; shift_y=&#8221;0&#8243; shift_y_down=&#8221;0&#8243; z_index=&#8221;0&#8243; medium_width=&#8221;0&#8243; mobile_width=&#8221;0&#8243; width=&#8221;1\/4&#8243;][\/vc_column][vc_column column_width_percent=&#8221;100&#8243; position_vertical=&#8221;middle&#8221; align_horizontal=&#8221;align_center&#8221; gutter_size=&#8221;3&#8243; overlay_alpha=&#8221;50&#8243; shift_x=&#8221;0&#8243; shift_y=&#8221;0&#8243; shift_y_down=&#8221;0&#8243; z_index=&#8221;0&#8243; medium_width=&#8221;0&#8243; mobile_width=&#8221;0&#8243; width=&#8221;1\/4&#8243; uncode_shortcode_id=&#8221;158403&#8243;][vc_button size=&#8221;link&#8221; link=&#8221;url:https%3A%2F%2Fmc.sonae.pt%2Fwp-content%2Fuploads%2F2026%2F02%2FCodigo-de-Etica-jan2026_EN.pdf|title:Code%20of%20Ethics%20Conduct|target:_blank&#8221; el_class=&#8221;button-big&#8221; uncode_shortcode_id=&#8221;152190&#8243;]Code of Ethics Conduct[\/vc_button][\/vc_column][vc_column width=&#8221;1\/4&#8243;][vc_button size=&#8221;link&#8221; link=&#8221;url:https%3A%2F%2Fmc.sonae.pt%2Fwp-content%2Fuploads%2F2025%2F01%2FCode-of-Good-Conduct-Harassment.pdf%20|title:Code%20of%20Ethics%20Conduct|target:_blank&#8221; el_class=&#8221;button-big&#8221; uncode_shortcode_id=&#8221;460176&#8243;]Code of Good Conduct Harassment[\/vc_button][\/vc_column][vc_column width=&#8221;1\/4&#8243;][\/vc_column][\/vc_row][vc_row row_height_percent=&#8221;0&#8243; overlay_alpha=&#8221;50&#8243; gutter_size=&#8221;3&#8243; column_width_percent=&#8221;100&#8243; shift_y=&#8221;0&#8243; z_index=&#8221;0&#8243; el_class=&#8221;margin-top-lg margin-bottom-md&#8221;][vc_column column_width_percent=&#8221;100&#8243; align_horizontal=&#8221;align_center&#8221; gutter_size=&#8221;3&#8243; overlay_alpha=&#8221;50&#8243; shift_x=&#8221;0&#8243; shift_y=&#8221;0&#8243; shift_y_down=&#8221;0&#8243; z_index=&#8221;0&#8243; medium_width=&#8221;0&#8243; mobile_width=&#8221;0&#8243; width=&#8221;1\/1&#8243;][vc_empty_space empty_h=&#8221;2&#8243;][\/vc_column][\/vc_row]<\/div>","protected":false},"excerpt":{"rendered":"[vc_row row_height_percent=&#8221;0&#8243; overlay_alpha=&#8221;50&#8243; gutter_size=&#8221;3&#8243; column_width_percent=&#8221;100&#8243; shift_y=&#8221;0&#8243; z_index=&#8221;0&#8243; el_class=&#8221;padding_80&#8243;][vc_column width=&#8221;1\/1&#8243;][vc_custom_heading heading_semantic=&#8221;h1&#8243; text_size=&#8221;h1&#8243; css_animation=&#8221;alpha-anim&#8221; el_class=&#8221;line-title will-appear&#8221;]Corporate Governance[\/vc_custom_heading][vc_row_inner][vc_column_inner column_width_percent=&#8221;100&#8243; gutter_size=&#8221;3&#8243; overlay_alpha=&#8221;50&#8243; shift_x=&#8221;0&#8243; shift_y=&#8221;0&#8243; [&hellip;]","protected":false},"author":6,"featured_media":0,"parent":0,"menu_order":4,"comment_status":"closed","ping_status":"closed","template":"","meta":{"footnotes":""},"class_list":["post-3000","page","type-page","status-publish","hentry","page_category-institutional"],"yoast_head":"<!-- This site is optimized with the Yoast SEO plugin v27.3 - https:\/\/yoast.com\/product\/yoast-seo-wordpress\/ -->\n<title>Corporate Governance - MC<\/title>\n<meta name=\"robots\" content=\"index, follow, max-snippet:-1, max-image-preview:large, max-video-preview:-1\" \/>\n<link rel=\"canonical\" href=\"https:\/\/mc.sonae.pt\/en\/corporate-governance\/\" \/>\n<meta property=\"og:locale\" content=\"en_US\" \/>\n<meta property=\"og:type\" content=\"article\" \/>\n<meta property=\"og:title\" content=\"Corporate Governance - MC\" \/>\n<meta property=\"og:description\" content=\"[vc_row row_height_percent=&#8221;0&#8243; overlay_alpha=&#8221;50&#8243; gutter_size=&#8221;3&#8243; column_width_percent=&#8221;100&#8243; shift_y=&#8221;0&#8243; z_index=&#8221;0&#8243; el_class=&#8221;padding_80&#8243;][vc_column width=&#8221;1\/1&#8243;][vc_custom_heading heading_semantic=&#8221;h1&#8243; text_size=&#8221;h1&#8243; css_animation=&#8221;alpha-anim&#8221; el_class=&#8221;line-title will-appear&#8221;]Corporate Governance[\/vc_custom_heading][vc_row_inner][vc_column_inner column_width_percent=&#8221;100&#8243; gutter_size=&#8221;3&#8243; overlay_alpha=&#8221;50&#8243; shift_x=&#8221;0&#8243; shift_y=&#8221;0&#8243; [&hellip;]\" \/>\n<meta property=\"og:url\" content=\"https:\/\/mc.sonae.pt\/en\/corporate-governance\/\" \/>\n<meta property=\"og:site_name\" content=\"MC\" \/>\n<meta property=\"article:modified_time\" content=\"2026-02-25T16:40:26+00:00\" \/>\n<meta name=\"twitter:card\" content=\"summary_large_image\" \/>\n<meta name=\"twitter:label1\" content=\"Est. reading time\" \/>\n\t<meta name=\"twitter:data1\" content=\"4 minutes\" \/>\n<script type=\"application\/ld+json\" class=\"yoast-schema-graph\">{\"@context\":\"https:\\\/\\\/schema.org\",\"@graph\":[{\"@type\":\"WebPage\",\"@id\":\"https:\\\/\\\/mc.sonae.pt\\\/en\\\/corporate-governance\\\/\",\"url\":\"https:\\\/\\\/mc.sonae.pt\\\/en\\\/corporate-governance\\\/\",\"name\":\"Corporate Governance - MC\",\"isPartOf\":{\"@id\":\"https:\\\/\\\/mc.sonae.pt\\\/#website\"},\"datePublished\":\"2019-05-12T17:19:53+00:00\",\"dateModified\":\"2026-02-25T16:40:26+00:00\",\"breadcrumb\":{\"@id\":\"https:\\\/\\\/mc.sonae.pt\\\/en\\\/corporate-governance\\\/#breadcrumb\"},\"inLanguage\":\"en-US\",\"potentialAction\":[{\"@type\":\"ReadAction\",\"target\":[\"https:\\\/\\\/mc.sonae.pt\\\/en\\\/corporate-governance\\\/\"]}]},{\"@type\":\"BreadcrumbList\",\"@id\":\"https:\\\/\\\/mc.sonae.pt\\\/en\\\/corporate-governance\\\/#breadcrumb\",\"itemListElement\":[{\"@type\":\"ListItem\",\"position\":1,\"name\":\"In\u00edcio\",\"item\":\"https:\\\/\\\/mc.sonae.pt\\\/en\\\/\"},{\"@type\":\"ListItem\",\"position\":2,\"name\":\"Corporate Governance\"}]},{\"@type\":\"WebSite\",\"@id\":\"https:\\\/\\\/mc.sonae.pt\\\/#website\",\"url\":\"https:\\\/\\\/mc.sonae.pt\\\/\",\"name\":\"SonaeMC\",\"description\":\"L\u00edder do retalho alimentar em Portugal\",\"publisher\":{\"@id\":\"https:\\\/\\\/mc.sonae.pt\\\/#organization\"},\"potentialAction\":[{\"@type\":\"SearchAction\",\"target\":{\"@type\":\"EntryPoint\",\"urlTemplate\":\"https:\\\/\\\/mc.sonae.pt\\\/?s={search_term_string}\"},\"query-input\":{\"@type\":\"PropertyValueSpecification\",\"valueRequired\":true,\"valueName\":\"search_term_string\"}}],\"inLanguage\":\"en-US\"},{\"@type\":\"Organization\",\"@id\":\"https:\\\/\\\/mc.sonae.pt\\\/#organization\",\"name\":\"Sonae MC\",\"url\":\"https:\\\/\\\/mc.sonae.pt\\\/\",\"logo\":{\"@type\":\"ImageObject\",\"inLanguage\":\"en-US\",\"@id\":\"https:\\\/\\\/mc.sonae.pt\\\/#\\\/schema\\\/logo\\\/image\\\/\",\"url\":\"https:\\\/\\\/mc.sonae.pt\\\/wp-content\\\/uploads\\\/2018\\\/10\\\/logo.svg\",\"contentUrl\":\"https:\\\/\\\/mc.sonae.pt\\\/wp-content\\\/uploads\\\/2018\\\/10\\\/logo.svg\",\"width\":1,\"height\":1,\"caption\":\"Sonae MC\"},\"image\":{\"@id\":\"https:\\\/\\\/mc.sonae.pt\\\/#\\\/schema\\\/logo\\\/image\\\/\"}}]}<\/script>\n<!-- \/ Yoast SEO plugin. -->","yoast_head_json":{"title":"Corporate Governance - MC","robots":{"index":"index","follow":"follow","max-snippet":"max-snippet:-1","max-image-preview":"max-image-preview:large","max-video-preview":"max-video-preview:-1"},"canonical":"https:\/\/mc.sonae.pt\/en\/corporate-governance\/","og_locale":"en_US","og_type":"article","og_title":"Corporate Governance - MC","og_description":"[vc_row row_height_percent=&#8221;0&#8243; overlay_alpha=&#8221;50&#8243; gutter_size=&#8221;3&#8243; column_width_percent=&#8221;100&#8243; shift_y=&#8221;0&#8243; z_index=&#8221;0&#8243; el_class=&#8221;padding_80&#8243;][vc_column width=&#8221;1\/1&#8243;][vc_custom_heading heading_semantic=&#8221;h1&#8243; text_size=&#8221;h1&#8243; css_animation=&#8221;alpha-anim&#8221; el_class=&#8221;line-title will-appear&#8221;]Corporate Governance[\/vc_custom_heading][vc_row_inner][vc_column_inner column_width_percent=&#8221;100&#8243; gutter_size=&#8221;3&#8243; overlay_alpha=&#8221;50&#8243; shift_x=&#8221;0&#8243; shift_y=&#8221;0&#8243; [&hellip;]","og_url":"https:\/\/mc.sonae.pt\/en\/corporate-governance\/","og_site_name":"MC","article_modified_time":"2026-02-25T16:40:26+00:00","twitter_card":"summary_large_image","twitter_misc":{"Est. reading time":"4 minutes"},"schema":{"@context":"https:\/\/schema.org","@graph":[{"@type":"WebPage","@id":"https:\/\/mc.sonae.pt\/en\/corporate-governance\/","url":"https:\/\/mc.sonae.pt\/en\/corporate-governance\/","name":"Corporate Governance - MC","isPartOf":{"@id":"https:\/\/mc.sonae.pt\/#website"},"datePublished":"2019-05-12T17:19:53+00:00","dateModified":"2026-02-25T16:40:26+00:00","breadcrumb":{"@id":"https:\/\/mc.sonae.pt\/en\/corporate-governance\/#breadcrumb"},"inLanguage":"en-US","potentialAction":[{"@type":"ReadAction","target":["https:\/\/mc.sonae.pt\/en\/corporate-governance\/"]}]},{"@type":"BreadcrumbList","@id":"https:\/\/mc.sonae.pt\/en\/corporate-governance\/#breadcrumb","itemListElement":[{"@type":"ListItem","position":1,"name":"In\u00edcio","item":"https:\/\/mc.sonae.pt\/en\/"},{"@type":"ListItem","position":2,"name":"Corporate Governance"}]},{"@type":"WebSite","@id":"https:\/\/mc.sonae.pt\/#website","url":"https:\/\/mc.sonae.pt\/","name":"SonaeMC","description":"L\u00edder do retalho alimentar em Portugal","publisher":{"@id":"https:\/\/mc.sonae.pt\/#organization"},"potentialAction":[{"@type":"SearchAction","target":{"@type":"EntryPoint","urlTemplate":"https:\/\/mc.sonae.pt\/?s={search_term_string}"},"query-input":{"@type":"PropertyValueSpecification","valueRequired":true,"valueName":"search_term_string"}}],"inLanguage":"en-US"},{"@type":"Organization","@id":"https:\/\/mc.sonae.pt\/#organization","name":"Sonae MC","url":"https:\/\/mc.sonae.pt\/","logo":{"@type":"ImageObject","inLanguage":"en-US","@id":"https:\/\/mc.sonae.pt\/#\/schema\/logo\/image\/","url":"https:\/\/mc.sonae.pt\/wp-content\/uploads\/2018\/10\/logo.svg","contentUrl":"https:\/\/mc.sonae.pt\/wp-content\/uploads\/2018\/10\/logo.svg","width":1,"height":1,"caption":"Sonae MC"},"image":{"@id":"https:\/\/mc.sonae.pt\/#\/schema\/logo\/image\/"}}]}},"_links":{"self":[{"href":"https:\/\/mc.sonae.pt\/en\/wp-json\/wp\/v2\/pages\/3000","targetHints":{"allow":["GET"]}}],"collection":[{"href":"https:\/\/mc.sonae.pt\/en\/wp-json\/wp\/v2\/pages"}],"about":[{"href":"https:\/\/mc.sonae.pt\/en\/wp-json\/wp\/v2\/types\/page"}],"author":[{"embeddable":true,"href":"https:\/\/mc.sonae.pt\/en\/wp-json\/wp\/v2\/users\/6"}],"replies":[{"embeddable":true,"href":"https:\/\/mc.sonae.pt\/en\/wp-json\/wp\/v2\/comments?post=3000"}],"version-history":[{"count":0,"href":"https:\/\/mc.sonae.pt\/en\/wp-json\/wp\/v2\/pages\/3000\/revisions"}],"wp:attachment":[{"href":"https:\/\/mc.sonae.pt\/en\/wp-json\/wp\/v2\/media?parent=3000"}],"curies":[{"name":"wp","href":"https:\/\/api.w.org\/{rel}","templated":true}]}}